{"id":166,"date":"2023-11-07T15:00:51","date_gmt":"2023-11-07T14:00:51","guid":{"rendered":"https:\/\/eatpoint.no\/diamondindian\/?page_id=166"},"modified":"2023-11-07T15:00:52","modified_gmt":"2023-11-07T14:00:52","slug":"informasjonskapsler","status":"publish","type":"page","link":"https:\/\/eatpoint.no\/diamondindian\/informasjonskapsler\/","title":{"rendered":"Informasjonskapsler"},"content":{"rendered":"\n<p>Informasjonskapsler er sm\u00e5 tekstfiler som lagres p\u00e5 din enhet n\u00e5r du laster ned en nettside. Disse brukes vanligvis til \u00e5 forbedre din brukeropplevelse og huske hvem du er, slik at du forblir innlogget.<\/p>\n\n\n\n<p>Form\u00e5let med informasjonskapsler er \u00e5 gi nettbutikken grunnleggende funksjonalitet som sesjonsh\u00e5ndtering, analyse, personalisering og markedsf\u00f8ring.<\/p>\n\n\n\n<p>F\u00f8rsteparts informasjonskapsler er n\u00f8dvendige for at websiden skal fungere.<br>Tredjeparts informasjonskapsler blir brukt til analyser, markedsf\u00f8ring og personalisering av websiden.<\/p>\n\n\n\n<h3 class=\"wp-block-heading\">M\u00e5 jeg akseptere informasjonskapsler?<\/h3>\n\n\n\n<p>Nei, dette er frivillig, men du m\u00e5 selv g\u00e5 inn i nettleserinnstillingene og endre p\u00e5 dette dersom du ikke \u00f8nsker at det skal lagres informasjon i informasjonskapsler p\u00e5 datamaskinen din. V\u00e6r oppmerksom p\u00e5 at mange nettsteder ikke vil fungere optimalt dersom du skrur av cookies. Du kan for eksempel ikke legge produkter i handlekurven, logge inn eller avslutte et kj\u00f8p i <em>Indian Diamond takeaway<\/em> nettbutikk uten at cookies er sl\u00e5tt p\u00e5. De fleste nettlesere (Opera, Internet Explorer, Firefox, Safari etc), er innstilt til \u00e5 akseptere cookies automatisk.<\/p>\n\n\n\n<p>Sletting av cookies:<\/p>\n\n\n\n<p>Cookies som du tidligere har akseptert, kan senere enkelt slettes. Benytter du en PC med en nyere netteleser, kan du slette dine cookies ved \u00e5 benytte snarveistastene: CTRL + SHIFT + Delete. Dersom disse ikke fungerer, og\/eller benytter du en MAC, m\u00e5 du f\u00f8rst avklare hvilken browser du benytter og deretter klikke p\u00e5 den relevante linken under:<\/p>\n\n\n\n<p><a href=\"http:\/\/windows.microsoft.com\/da-dk\/internet-explorer\/delete-manage-cookies#ie=ie-11\" target=\"_blank\" rel=\"noreferrer noopener\">Internet Explorer<\/a><br><a href=\"https:\/\/support.mozilla.org\/no\/kb\/slett-informasjonskapsler-fjerne-informasjon-netts\" target=\"_blank\" rel=\"noreferrer noopener\">Mozilla Firefox<\/a><br><a href=\"https:\/\/support.google.com\/chrome\/answer\/95647?hl=no\" target=\"_blank\" rel=\"noreferrer noopener\">Google Chrome<\/a><br><a href=\"https:\/\/help.opera.com\/en\/latest\/web-preferences\/#cookies\" target=\"_blank\" rel=\"noreferrer noopener\">Opera<\/a><br><a href=\"https:\/\/support.apple.com\/no-no\/guide\/safari\/sfri11471\/mac\" target=\"_blank\" rel=\"noreferrer noopener\">Safari<\/a><br><a href=\"https:\/\/support.apple.com\/no-no\/HT201265\" target=\"_blank\" rel=\"noreferrer noopener\">Safari (iPhone, iPad og annet fra Apple<\/a><a href=\"https:\/\/support.apple.com\/no-no\/HT201265\" target=\"_blank\" rel=\"noreferrer noopener\">)<\/a><br><a href=\"http:\/\/www.macromedia.com\/support\/documentation\/en\/flashplayer\/help\/settings_manager07.html\" target=\"_blank\" rel=\"noreferrer noopener\">Flash cookies (alle nettlesere)<\/a><\/p>\n","protected":false},"excerpt":{"rendered":"<p>Informasjonskapsler er sm\u00e5 tekstfiler som lagres p\u00e5 din enhet n\u00e5r du laster ned en nettside. Disse brukes vanligvis til \u00e5 forbedre din brukeropplevelse og huske hvem du er, slik at du forblir innlogget. Form\u00e5let med informasjonskapsler er \u00e5 gi nettbutikken grunnleggende funksjonalitet som sesjonsh\u00e5ndtering, analyse, personalisering og markedsf\u00f8ring. F\u00f8rsteparts informasjonskapsler er n\u00f8dvendige for at websiden [&hellip;]<\/p>\n","protected":false},"author":1,"featured_media":0,"parent":0,"menu_order":0,"comment_status":"closed","ping_status":"closed","template":"","meta":{"site-sidebar-layout":"default","site-content-layout":"","ast-site-content-layout":"default","site-content-style":"default","site-sidebar-style":"default","ast-global-header-display":"","ast-banner-title-visibility":"","ast-main-header-display":"","ast-hfb-above-header-display":"","ast-hfb-below-header-display":"","ast-hfb-mobile-header-display":"","site-post-title":"","ast-breadcrumbs-content":"","ast-featured-img":"","footer-sml-layout":"","ast-disable-related-posts":"","theme-transparent-header-meta":"","adv-header-id-meta":"","stick-header-meta":"","header-above-stick-meta":"","header-main-stick-meta":"","header-below-stick-meta":"","astra-migrate-meta-layouts":"default","ast-page-background-enabled":"default","ast-page-background-meta":{"desktop":{"background-color":"var(--ast-global-color-4)","background-image":"","background-repeat":"repeat","background-position":"center center","background-size":"auto","background-attachment":"scroll","background-type":"","background-media":"","overlay-type":"","overlay-color":"","overlay-opacity":"","overlay-gradient":""},"tablet":{"background-color":"","background-image":"","background-repeat":"repeat","background-position":"center center","background-size":"auto","background-attachment":"scroll","background-type":"","background-media":"","overlay-type":"","overlay-color":"","overlay-opacity":"","overlay-gradient":""},"mobile":{"background-color":"","background-image":"","background-repeat":"repeat","background-position":"center center","background-size":"auto","background-attachment":"scroll","background-type":"","background-media":"","overlay-type":"","overlay-color":"","overlay-opacity":"","overlay-gradient":""}},"ast-content-background-meta":{"desktop":{"background-color":"var(--ast-global-color-5)","background-image":"","background-repeat":"repeat","background-position":"center center","background-size":"auto","background-attachment":"scroll","background-type":"","background-media":"","overlay-type":"","overlay-color":"","overlay-opacity":"","overlay-gradient":""},"tablet":{"background-color":"var(--ast-global-color-5)","background-image":"","background-repeat":"repeat","background-position":"center center","background-size":"auto","background-attachment":"scroll","background-type":"","background-media":"","overlay-type":"","overlay-color":"","overlay-opacity":"","overlay-gradient":""},"mobile":{"background-color":"var(--ast-global-color-5)","background-image":"","background-repeat":"repeat","background-position":"center center","background-size":"auto","background-attachment":"scroll","background-type":"","background-media":"","overlay-type":"","overlay-color":"","overlay-opacity":"","overlay-gradient":""}},"footnotes":""},"class_list":["post-166","page","type-page","status-publish","hentry"],"_links":{"self":[{"href":"https:\/\/eatpoint.no\/diamondindian\/wp-json\/wp\/v2\/pages\/166","targetHints":{"allow":["GET"]}}],"collection":[{"href":"https:\/\/eatpoint.no\/diamondindian\/wp-json\/wp\/v2\/pages"}],"about":[{"href":"https:\/\/eatpoint.no\/diamondindian\/wp-json\/wp\/v2\/types\/page"}],"author":[{"embeddable":true,"href":"https:\/\/eatpoint.no\/diamondindian\/wp-json\/wp\/v2\/users\/1"}],"replies":[{"embeddable":true,"href":"https:\/\/eatpoint.no\/diamondindian\/wp-json\/wp\/v2\/comments?post=166"}],"version-history":[{"count":1,"href":"https:\/\/eatpoint.no\/diamondindian\/wp-json\/wp\/v2\/pages\/166\/revisions"}],"predecessor-version":[{"id":167,"href":"https:\/\/eatpoint.no\/diamondindian\/wp-json\/wp\/v2\/pages\/166\/revisions\/167"}],"wp:attachment":[{"href":"https:\/\/eatpoint.no\/diamondindian\/wp-json\/wp\/v2\/media?parent=166"}],"curies":[{"name":"wp","href":"https:\/\/api.w.org\/{rel}","templated":true}]}}