{"id":164,"date":"2023-11-07T14:22:12","date_gmt":"2023-11-07T13:22:12","guid":{"rendered":"https:\/\/eatpoint.no\/diamondindian\/?page_id=164"},"modified":"2023-11-07T14:22:22","modified_gmt":"2023-11-07T13:22:22","slug":"salgsbetingelser","status":"publish","type":"page","link":"https:\/\/eatpoint.no\/diamondindian\/salgsbetingelser\/","title":{"rendered":"Salgsbetingelser"},"content":{"rendered":"\n<p>Det tilbys sikker betaling med Vipps via Vipps. Det er ogs\u00e5 mulig \u00e5 betale for produkt(ene) ved henting p\u00e5 lokasjonen.<\/p>\n\n\n\n<p>Utsalgssted:<\/p>\n\n\n\n<h3 class=\"wp-block-heading\"><strong>Selger<\/strong><\/h3>\n\n\n\n<ul class=\"wp-block-list\">\n<li>Firmanavn: DIAMOND INDIAN CUISINE AS<\/li>\n\n\n\n<li>Kontaktadresse: S\u00f8rkedalsveien 5A, 0369 OSLO<\/li>\n\n\n\n<li>E-post: mahaveer474@yahoo.com<\/li>\n\n\n\n<li>Telefonnummer: <a href=\"tel:+4721 38 60 80\">+47 21 38 60 80<\/a><\/li>\n\n\n\n<li>Organisasjonsnummer: 9917 131 775<\/li>\n<\/ul>\n\n\n\n<p><strong>Kj\u00f8per:<\/strong><\/p>\n\n\n\n<p>Person som er registrert som kj\u00f8per i bestillingen.<\/p>\n\n\n\n<p>Priser og merverdiavgift:<\/p>\n\n\n\n<p>Alle priser p\u00e5 nettstedet er i Norske Kroner (NOK) og inklusive merverdiavgift.<\/p>\n\n\n\n<p><strong>Frakt:<\/strong><\/p>\n\n\n\n<p>Hentes mat selv fra S\u00f8rkedalsveien 5, 2 etasje, 0369 Oslo (Majorstuen). Frakten er derfor ikke relevant.<\/p>\n\n\n\n<p><strong>Betalingsvilk\u00e5r:<\/strong><\/p>\n\n\n\n<p>Du kan benytte Vipps n\u00e5r du handler via nettside, eller betale n\u00e5r du henter varen.<\/p>\n\n\n\n<p>Selger kan kreve betaling for varen fra det tidspunkt den blir sendt fra selger til kj\u00f8per.<\/p>\n\n\n\n<p><strong>Personopplysninger:<\/strong><\/p>\n\n\n\n<p>Selger behandler persondata if\u00f8lge lov om personopplysninger. Opplysninger som kan knyttes til deg som person vil aldri bli gjort tilgjengelig for andre virksomheter eller koblet med andre eksterne registre. Vi vil ikke selge eller videreformidle personopplysninger.<\/p>\n\n\n\n<p>For \u00e5 kunne inng\u00e5 en avtale med oss via nettstedet, m\u00e5 du registrere deg med f\u00f8lgende personlige opplysninger:<\/p>\n\n\n\n<p>navn<\/p>\n\n\n\n<p>adresse<\/p>\n\n\n\n<p>telefonnummer<\/p>\n\n\n\n<p>E-postadresse<\/p>\n\n\n\n<p>Som registrert hos https:\/\/eatpoint.no\/diamondindian\/ har du alltid rett til \u00e5 gj\u00f8re innsigelser mot registreringen, og du har rett til \u00e5 f\u00e5 vite hvilke opplysninger som er registrert p\u00e5 deg. Disse rettighetene har du if\u00f8lge lov om personvern. Henvendelser i forbindelse med dette rettes til tel.: (+47) 21 38 60 80<\/p>\n\n\n\n<p><strong>Avbestilling:<\/strong><\/p>\n\n\n\n<p>Kostnadsfri avbestilling dagen f\u00f8r ved forh\u00e5ndsbestilling. Ved direkte bestilling gis det ingen refusjon ved avbestilling.<\/p>\n\n\n\n<p><strong>Reklamasjon:<\/strong><\/p>\n\n\n\n<p>Dersom det foreligger en mangel ved varen, m\u00e5 du innen rimelig tid etter at du oppdaget den, gi selger skriftlig melding (e-post eller brev) om at du vil p\u00e5berope deg mangelen. Selger vil da gi deg informasjon om hva du skal gj\u00f8re videre. Reglene om reklamasjon finnes i Lov om forbrukerkj\u00f8p (Forbrukerkj\u00f8psloven).<\/p>\n\n\n\n<p><strong>Uavhentede varer:<\/strong><\/p>\n\n\n\n<p>Varer som ikke blir hentet p\u00e5 utleveringssted blir belastet med bestilt bel\u00f8p.<\/p>\n\n\n\n<p><strong>Ved kj\u00f8p av tobakksvarer:<\/strong><\/p>\n\n\n\n<p>Ved \u00e5 bestille tobakksvarer bekrefter du at du har fylt 18 \u00e5r. Alderskontroll vil bli gjennomf\u00f8rt ved henting av produktet p\u00e5 utsalgsstedet.<\/p>\n\n\n\n<p><strong>Konfliktl\u00f8sning<\/strong><\/p>\n\n\n\n<p>Partene skal fors\u00f8ke \u00e5 l\u00f8se eventuelle tvister i minnelighet. Kj\u00f8peren kan ta kontakt med Forbrukerr\u00e5det for \u00e5 f\u00e5 bistand i en eventuell tvist med selger. Dersom minnelig l\u00f8sning ikke oppn\u00e5s etter megling i Forbrukerr\u00e5det, kan partene skriftlig begj\u00e6re at Forbrukerr\u00e5det fremmer tvisten for Forbrukertvistutvalget. Vedtak av Forbrukertvistutvalget er rettskraftig fire uker etter forkynning. F\u00f8r vedtaket er rettskraftig, kan partene, ved innsendelse av stevning til Forbrukertvistutvalget, bringe vedtaket inn for tingretten. Forbrukerr\u00e5det er tilgjengelig&nbsp; p\u00e5&nbsp; telefon 23&nbsp; 400&nbsp; 500&nbsp; eller www.forbrukerradet.no.<\/p>\n","protected":false},"excerpt":{"rendered":"<p>Det tilbys sikker betaling med Vipps via Vipps. Det er ogs\u00e5 mulig \u00e5 betale for produkt(ene) ved henting p\u00e5 lokasjonen. Utsalgssted: Selger Kj\u00f8per: Person som er registrert som kj\u00f8per i bestillingen. Priser og merverdiavgift: Alle priser p\u00e5 nettstedet er i Norske Kroner (NOK) og inklusive merverdiavgift. Frakt: Hentes mat selv fra S\u00f8rkedalsveien 5, 2 etasje, [&hellip;]<\/p>\n","protected":false},"author":1,"featured_media":0,"parent":0,"menu_order":0,"comment_status":"closed","ping_status":"closed","template":"","meta":{"site-sidebar-layout":"default","site-content-layout":"","ast-site-content-layout":"default","site-content-style":"default","site-sidebar-style":"default","ast-global-header-display":"","ast-banner-title-visibility":"","ast-main-header-display":"","ast-hfb-above-header-display":"","ast-hfb-below-header-display":"","ast-hfb-mobile-header-display":"","site-post-title":"","ast-breadcrumbs-content":"","ast-featured-img":"","footer-sml-layout":"","ast-disable-related-posts":"","theme-transparent-header-meta":"","adv-header-id-meta":"","stick-header-meta":"","header-above-stick-meta":"","header-main-stick-meta":"","header-below-stick-meta":"","astra-migrate-meta-layouts":"default","ast-page-background-enabled":"default","ast-page-background-meta":{"desktop":{"background-color":"var(--ast-global-color-4)","background-image":"","background-repeat":"repeat","background-position":"center center","background-size":"auto","background-attachment":"scroll","background-type":"","background-media":"","overlay-type":"","overlay-color":"","overlay-opacity":"","overlay-gradient":""},"tablet":{"background-color":"","background-image":"","background-repeat":"repeat","background-position":"center center","background-size":"auto","background-attachment":"scroll","background-type":"","background-media":"","overlay-type":"","overlay-color":"","overlay-opacity":"","overlay-gradient":""},"mobile":{"background-color":"","background-image":"","background-repeat":"repeat","background-position":"center center","background-size":"auto","background-attachment":"scroll","background-type":"","background-media":"","overlay-type":"","overlay-color":"","overlay-opacity":"","overlay-gradient":""}},"ast-content-background-meta":{"desktop":{"background-color":"var(--ast-global-color-5)","background-image":"","background-repeat":"repeat","background-position":"center center","background-size":"auto","background-attachment":"scroll","background-type":"","background-media":"","overlay-type":"","overlay-color":"","overlay-opacity":"","overlay-gradient":""},"tablet":{"background-color":"var(--ast-global-color-5)","background-image":"","background-repeat":"repeat","background-position":"center center","background-size":"auto","background-attachment":"scroll","background-type":"","background-media":"","overlay-type":"","overlay-color":"","overlay-opacity":"","overlay-gradient":""},"mobile":{"background-color":"var(--ast-global-color-5)","background-image":"","background-repeat":"repeat","background-position":"center center","background-size":"auto","background-attachment":"scroll","background-type":"","background-media":"","overlay-type":"","overlay-color":"","overlay-opacity":"","overlay-gradient":""}},"footnotes":""},"class_list":["post-164","page","type-page","status-publish","hentry"],"_links":{"self":[{"href":"https:\/\/eatpoint.no\/diamondindian\/wp-json\/wp\/v2\/pages\/164","targetHints":{"allow":["GET"]}}],"collection":[{"href":"https:\/\/eatpoint.no\/diamondindian\/wp-json\/wp\/v2\/pages"}],"about":[{"href":"https:\/\/eatpoint.no\/diamondindian\/wp-json\/wp\/v2\/types\/page"}],"author":[{"embeddable":true,"href":"https:\/\/eatpoint.no\/diamondindian\/wp-json\/wp\/v2\/users\/1"}],"replies":[{"embeddable":true,"href":"https:\/\/eatpoint.no\/diamondindian\/wp-json\/wp\/v2\/comments?post=164"}],"version-history":[{"count":1,"href":"https:\/\/eatpoint.no\/diamondindian\/wp-json\/wp\/v2\/pages\/164\/revisions"}],"predecessor-version":[{"id":165,"href":"https:\/\/eatpoint.no\/diamondindian\/wp-json\/wp\/v2\/pages\/164\/revisions\/165"}],"wp:attachment":[{"href":"https:\/\/eatpoint.no\/diamondindian\/wp-json\/wp\/v2\/media?parent=164"}],"curies":[{"name":"wp","href":"https:\/\/api.w.org\/{rel}","templated":true}]}}